{"id":644,"date":"2023-11-26T08:45:35","date_gmt":"2023-11-26T08:45:35","guid":{"rendered":"https:\/\/liamcarrental.com\/?page_id=644"},"modified":"2026-01-29T09:28:21","modified_gmt":"2026-01-29T09:28:21","slug":"terms-and-conditions","status":"publish","type":"page","link":"https:\/\/liamcarrental.com\/index.php\/terms-and-conditions\/","title":{"rendered":"Terms and Conditions"},"content":{"rendered":"\n<p><strong>CONTRATO DE RENTA:&nbsp;<\/strong><\/p>\n\n\n\n<p><strong>Ley aplicable y Jurisdicci\u00f3n<\/strong>:&nbsp;<\/p>\n\n\n\n<p>Estos t\u00e9rminos se regir\u00e1n e interpretaran de acuerdo con las leyes de Puerto Rico, y usted se somete a la jurisdicci\u00f3n no exclusiva de <em>los <\/em>tribunales estatales y federales ubicados en Puerto Rico para la resoluci\u00f3n de cualquier disputa.&nbsp;<\/p>\n\n\n\n<p><strong>Devoluci\u00f3n del Veh\u00edculo:&nbsp;<\/strong><\/p>\n\n\n\n<p>Para reservar un veh\u00edculo es necesario cumplir con estas condiciones.&nbsp;<\/p>\n\n\n\n<p>1. Mayores de 21 a\u00f1os.&nbsp;<\/p>\n\n\n\n<p>2. Licencia de conducir valida.&nbsp;<\/p>\n\n\n\n<p>3. Proporcionar un dep\u00f3sito de $200.00 y\/o hasta $500.00 d\u00f3lares seg\u00fan la edad del conductor.\u00a0<\/p>\n\n\n\n<p>4. El dep\u00f3sito de combustible deber\u00e1 dejarse como estaba cuando se recogi\u00f3 <strong>el&nbsp;<\/strong>coche. Por cada 1\/8 de diferencia habr\u00e1 <strong>un <\/strong>cargo de $10.00.&nbsp;<\/p>\n\n\n\n<p>5. En caso de accidente deber\u00e1 reportarlo a la polic\u00eda, si es culpable se le&nbsp;cobrara un cargo de $500.00&nbsp;<\/p>\n\n\n\n<p>6. Si se le otorga una multa por infracci\u00f3n de tr\u00e1nsito durante su posesi\u00f3n, el cliente pagara por ella. Debe informar a la empresa de alquiler de autos si tiene una multa policial, si no informa, recibir\u00e1 una multa de $50.00&nbsp;<\/p>\n\n\n\n<p>7. El auto se devolver\u00e1 a la misma hora en que <strong>fue <\/strong>recogido o antes, de ser&nbsp;posible, cada hora adicional tiene un cargo $10.00&nbsp;<\/p>\n\n\n\n<p>8. Toda extensi\u00f3n de contrato deber\u00e1 ser notificada con 48 horas de&nbsp;anticipaci\u00f3n.&nbsp;<\/p>\n\n\n\n<p>9. El cliente es responsable de los da\u00f1os en neum\u00e1ticos y\/o aros.&nbsp;<\/p>\n\n\n\n<p>10. Est\u00e1 prohibido utilizar el coche alquilado para cualquier actividad ilegal. Cualquier violaci\u00f3n a este t\u00e9rmino cancelara la cobertura del seguro y se considera la devoluci\u00f3n inmediata del veh\u00edculo.&nbsp;<\/p>\n\n\n\n<p>11. Si el veh\u00edculo regresa con arena en su interior o en mal estado de limpieza. Habr\u00e1 un cargo de limpieza adicional de $50.00&nbsp;<\/p>\n\n\n\n<p>12. Se le cobrara el auto- expreso cuando devuelva el veh\u00edculo. M\u00e1s $10.00 por&nbsp;la activaci\u00f3n si rebasa el mismo.&nbsp;<\/p>\n\n\n\n<p>13. No se permite fumar dentro del veh\u00edculo. Si se produce alg\u00fan olor a humo o&nbsp;da\u00f1o al autom\u00f3vil, se le cobrara una tarifa de limpieza de $200.00 <\/p>\n\n\n\n<p>14. De surgir cualquier da\u00f1o al veh\u00edculo sera cobrado inmediatamente a la tarjeta provista. <\/p>\n\n\n\n<p>15. El cliente acepta pagar todos los t\u00e9rminos enumerados anteriormente,&nbsp;incluidos los honorarios de los abogados en caso de p\u00e9rdida del autom\u00f3vil y los honorarios adicionales que ser\u00e1n causados por el uso del veh\u00edculo.<\/p>\n\n\n\n<p>16. Este es el mejor Alquiler de Coches con Seguro e Impuestos incluidos. Tambien incluimos servicio de entrega en areas lim\u00edtrofes o cercanas a no m\u00e1s de 10 millas del lugar de entrega. Cargos adicionales por entrega.<\/p>\n\n\n\n<p><strong><em><mark style=\"background-color:#f30000\" class=\"has-inline-color has-ast-global-color-2-color\">He le\u00eddo y acepto todos los t\u00e9rminos y condiciones mencionados.&nbsp;<\/mark><\/em><\/strong><\/p>\n\n\n\n<p><\/p>\n","protected":false},"excerpt":{"rendered":"<p>CONTRATO DE RENTA:&nbsp; Ley aplicable y Jurisdicci\u00f3n:&nbsp; Estos t\u00e9rminos se regir\u00e1n e interpretaran de acuerdo con las leyes de Puerto Rico, y usted se somete a la jurisdicci\u00f3n no exclusiva de los tribunales estatales y federales ubicados en Puerto Rico para la resoluci\u00f3n de cualquier disputa.&nbsp; Devoluci\u00f3n del Veh\u00edculo:&nbsp; Para reservar un veh\u00edculo es necesario [&hellip;]<\/p>\n","protected":false},"author":1,"featured_media":0,"parent":0,"menu_order":0,"comment_status":"closed","ping_status":"closed","template":"","meta":{"site-sidebar-layout":"default","site-content-layout":"","ast-site-content-layout":"default","site-content-style":"default","site-sidebar-style":"default","ast-global-header-display":"","ast-banner-title-visibility":"","ast-main-header-display":"","ast-hfb-above-header-display":"","ast-hfb-below-header-display":"","ast-hfb-mobile-header-display":"","site-post-title":"","ast-breadcrumbs-content":"","ast-featured-img":"","footer-sml-layout":"","theme-transparent-header-meta":"","adv-header-id-meta":"","stick-header-meta":"","header-above-stick-meta":"","header-main-stick-meta":"","header-below-stick-meta":"","astra-migrate-meta-layouts":"set","ast-page-background-enabled":"default","ast-page-background-meta":{"desktop":{"background-color":"","background-image":"","background-repeat":"repeat","background-position":"center center","background-size":"auto","background-attachment":"scroll","background-type":"","background-media":"","overlay-type":"","overlay-color":"","overlay-opacity":"","overlay-gradient":""},"tablet":{"background-color":"","background-image":"","background-repeat":"repeat","background-position":"center center","background-size":"auto","background-attachment":"scroll","background-type":"","background-media":"","overlay-type":"","overlay-color":"","overlay-opacity":"","overlay-gradient":""},"mobile":{"background-color":"","background-image":"","background-repeat":"repeat","background-position":"center center","background-size":"auto","background-attachment":"scroll","background-type":"","background-media":"","overlay-type":"","overlay-color":"","overlay-opacity":"","overlay-gradient":""}},"ast-content-background-meta":{"desktop":{"background-color":"var(--ast-global-color-5)","background-image":"","background-repeat":"repeat","background-position":"center center","background-size":"auto","background-attachment":"scroll","background-type":"","background-media":"","overlay-type":"","overlay-color":"","overlay-opacity":"","overlay-gradient":""},"tablet":{"background-color":"var(--ast-global-color-5)","background-image":"","background-repeat":"repeat","background-position":"center center","background-size":"auto","background-attachment":"scroll","background-type":"","background-media":"","overlay-type":"","overlay-color":"","overlay-opacity":"","overlay-gradient":""},"mobile":{"background-color":"var(--ast-global-color-5)","background-image":"","background-repeat":"repeat","background-position":"center center","background-size":"auto","background-attachment":"scroll","background-type":"","background-media":"","overlay-type":"","overlay-color":"","overlay-opacity":"","overlay-gradient":""}},"footnotes":""},"class_list":["post-644","page","type-page","status-publish","hentry"],"_links":{"self":[{"href":"https:\/\/liamcarrental.com\/index.php\/wp-json\/wp\/v2\/pages\/644","targetHints":{"allow":["GET"]}}],"collection":[{"href":"https:\/\/liamcarrental.com\/index.php\/wp-json\/wp\/v2\/pages"}],"about":[{"href":"https:\/\/liamcarrental.com\/index.php\/wp-json\/wp\/v2\/types\/page"}],"author":[{"embeddable":true,"href":"https:\/\/liamcarrental.com\/index.php\/wp-json\/wp\/v2\/users\/1"}],"replies":[{"embeddable":true,"href":"https:\/\/liamcarrental.com\/index.php\/wp-json\/wp\/v2\/comments?post=644"}],"version-history":[{"count":7,"href":"https:\/\/liamcarrental.com\/index.php\/wp-json\/wp\/v2\/pages\/644\/revisions"}],"predecessor-version":[{"id":960,"href":"https:\/\/liamcarrental.com\/index.php\/wp-json\/wp\/v2\/pages\/644\/revisions\/960"}],"wp:attachment":[{"href":"https:\/\/liamcarrental.com\/index.php\/wp-json\/wp\/v2\/media?parent=644"}],"curies":[{"name":"wp","href":"https:\/\/api.w.org\/{rel}","templated":true}]}}